{"id":560,"date":"2018-09-02T15:32:37","date_gmt":"2018-09-02T13:32:37","guid":{"rendered":"https:\/\/das-wird-dein-ding.de\/das-wird-dein-ding-2\/?page_id=560"},"modified":"2019-03-31T18:51:37","modified_gmt":"2019-03-31T16:51:37","slug":"impressum","status":"publish","type":"page","link":"https:\/\/das-wird-dein-ding.de\/sebastian\/impressum\/","title":{"rendered":"Impressum"},"content":{"rendered":"<div id='av_section_1'  class='avia-section av-faj3s-bb19768df1a4830498fbceadb96af312 main_color avia-section-default avia-no-border-styling  avia-builder-el-0  avia-builder-el-no-sibling  avia-bg-style-scroll container_wrap sidebar_right'  ><div class='container av-section-cont-open' ><main  role=\"main\" itemprop=\"mainContentOfPage\"  class='template-page content  av-content-small alpha units'><div class='post-entry post-entry-type-page post-entry-560'><div class='entry-content-wrapper clearfix'>\n\n<style type=\"text\/css\" data-created_by=\"avia_inline_auto\" id=\"style-css-av-8cdpc-c72cc127420622d85810f0d55c8716e8\">\n.flex_column.av-8cdpc-c72cc127420622d85810f0d55c8716e8{\nborder-radius:0px 0px 0px 0px;\npadding:0px 0px 0px 0px;\n}\n<\/style>\n<div  class='flex_column av-8cdpc-c72cc127420622d85810f0d55c8716e8 av_one_half  avia-builder-el-1  el_before_av_one_half  avia-builder-el-first  first flex_column_div av-zero-column-padding  '     ><section  class='av_textblock_section av-jm4sjdzj-a73958180408f4240038923f95cbbc07 '   itemscope=\"itemscope\" itemtype=\"https:\/\/schema.org\/CreativeWork\" ><div class='avia_textblock'  itemprop=\"text\" ><p>WICHTIGE KUNDENINFORMATIONEN \u00dcBER DEN OVB BERATER SEBASTIAN HA\u00df IN HAMM<\/p>\n<p><span style=\"font-weight: 400;\">Sebastian Ha\u00df<br \/>\n<\/span><span style=\"font-weight: 400;\">Gesch\u00e4ftsstellenleiter f\u00fcr die OVB Verm\u00f6gensberatung AG<br \/>\n<\/span><span style=\"font-weight: 400;\">M\u00fcnsterstra\u00dfe 5,<\/span><span style=\"font-weight: 400;\"> (HamTec Haus 4)<br \/>\n<\/span><span style=\"font-weight: 400;\">59065 Hamm<\/span><\/p>\n<p><span style=\"font-weight: 400;\">Versicherungsvermittler-Registernummer: D-OBTX-PX8P9-94<\/span><\/p>\n<p><span style=\"font-weight: 400;\">Sebastian Ha\u00df ist ein Versicherungsvertreter mit Erlaubnispflicht nach \u00a7 34 d Abs. 1 GewO, eingetragen in das Vermittlerregister gem\u00e4\u00df \u00a7 34d Abs. 10 GewO, Bundesrepublik Deutschland Berufsrechtliche Regelung: \u00a7 34 d GewO, \u00a7\u00a7 59 \u2013 68 VVG, VersVermV<\/span><\/p>\n<p><span style=\"font-weight: 400;\">Diese berufsrechtlichen Regelungen k\u00f6nnen Sie auf folgender Internetseite einsehen: <\/span><a href=\"http:\/\/www.gesetze-im-internet.de\/\"><span style=\"font-weight: 400;\">www.gesetze-im-internet.de<\/span><\/a><\/p>\n<p><span style=\"font-weight: 400;\">Zust\u00e4ndige Erlaubnisbeh\u00f6rde:<br \/>\n<\/span><span style=\"font-weight: 400;\">Industrie- und Handelskammer Dortmund<\/span><\/p>\n<p><span style=\"font-weight: 400;\">M\u00e4rkische Stra\u00dfe 120<\/span><br \/>\n<span style=\"font-weight: 400;\">44 141 Dortmund<br \/>\n<\/span><span style=\"font-weight: 400;\">Telefon: <\/span><span style=\"font-weight: 400;\">0231 5417-0<br \/>\n<\/span><span style=\"font-weight: 400;\">Telefax: <\/span><span style=\"font-weight: 400;\">0231 5417-195<br \/>\n<\/span><span style=\"font-weight: 400;\">Internet: <\/span><a href=\"http:\/\/www.dortmund.ihk24.de\/\"><span style=\"font-weight: 400;\">http:\/\/www.dortmund.ihk24.de<\/span><\/a><br \/>\n<span style=\"font-weight: 400;\">E-Mail: <\/span><a href=\"mailto:info@dortmund.ihk.de\"><span style=\"font-weight: 400;\">info@dortmund.ihk.de<\/span><\/a><span style=\"font-weight: 400;\">\u00a0<\/span><\/p>\n<\/div><\/section><\/div>\n<style type=\"text\/css\" data-created_by=\"avia_inline_auto\" id=\"style-css-av-8cdpc-3b645fee66d30def79a4080f02ba48ed\">\n.flex_column.av-8cdpc-3b645fee66d30def79a4080f02ba48ed{\nborder-radius:0px 0px 0px 0px;\npadding:0px 0px 0px 0px;\n}\n<\/style>\n<div  class='flex_column av-8cdpc-3b645fee66d30def79a4080f02ba48ed av_one_half  avia-builder-el-3  el_after_av_one_half  avia-builder-el-last  flex_column_div av-zero-column-padding  '     ><section  class='av_textblock_section av-jm4sjdzj-a73958180408f4240038923f95cbbc07 '   itemscope=\"itemscope\" itemtype=\"https:\/\/schema.org\/CreativeWork\" ><div class='avia_textblock'  itemprop=\"text\" ><p><b>Eine aktuelle Auflistung der Produktpartner der OVB<\/b><\/p>\n<p>Verm\u00f6gensberatung AG finden Sie hier:<\/p>\n<p><a href=\"https:\/\/www.ovb.de\/fileadmin\/assets\/Dokumente\/ovb_germany\/ovb_de_produktpartner_2018.pdf\">Liste OVB Produktpartner als PDF<\/a><\/p>\n<p>Sebastian Ha\u00df besitzt weder direkte noch indirekte\u00a0Beteiligungen von \u00fcber zehn Prozent an den Stimmrechten\u00a0oder am Kapital eines Versicherungsunternehmens noch<br \/>\nbesitzen Versicherungsunternehmen oder Mutterunternehmen\u00a0von Versicherungsunternehmen eine direkte oder indirekte\u00a0Beteiligung von \u00fcber zehn Prozent an den Stimmrechten oder\u00a0am Kapital von Sebastian Ha\u00df.\u00a0Vermittler-Registerstelle, bei der sich die Eintragungen\u00a0\u00fcberpr\u00fcfen lassen:<br \/>\nDeutscher Industrie- und Handelskammertag (DIHK) e.V.<br \/>\nBreite Stra\u00dfe 29,\u00a010178 Berlin<br \/>\nTel. 0180 \/ 6005850 (20 Cent\/Anruf aus dem dt. Festnetz,\u00a0h\u00f6chstens 60 Cent\/Anruf aus Mobilfunknetzen)<br \/>\nwww.dihk.de<br \/>\nwww.vermittlerregister.info<\/p>\n<p>Alternative Streitbeilegung \u2014 Beschwerde-\/Schlichtungsstellen<br \/>\nSofern im Falle einer Kundenbeschwerde im Zusammenhang\u00a0mit der Vermittlung einer Versicherung ausnahmsweise keine\u00a0einvernehmliche L\u00f6sung mit unserem Unternehmen gefunden\u00a0werden kann, ist unser Unternehmen bereit, an einem\u00a0Streitbeilegungsverfahren vor den nachstehenden\u00a0Schlichtungsstellen teilzunehmen.\u00a0Betrifft die Beschwerde eine Versicherungsvermittlung, ist der\u00a0Versicherungsombudsmann e.V. zust\u00e4ndig.<br \/>\nKontakt: Postfach 08 06 32, 10006 Berlin<br \/>\nTel.: 0800 3696000 (kostenfrei aus deutschen Telefonnetzen)<br \/>\nAus dem Ausland erreichen Sie die Schlichtungsstelle unter der\u00a0geb\u00fchrenpflichtigen Rufnummer\u00a0+49 30 206058 99.<br \/>\nFax.: 0800 3699000 (kostenfrei aus deutschen Telefonnetzen)<br \/>\nAus dem Ausland erreichen Sie die Schlichtungsstelle per Fax\u00a0unter der geb\u00fchrenpflichtigen Rufnummer\u00a0+49 30 206058 98.<br \/>\nWeb: www.versicherungsombudsmann.de<br \/>\nMail: beschwerde@versicherungsombudsmann.de<br \/>\nBetrifft die Beschwerde die Vermittlung einer privaten\u00a0Krankenversicherung, besteht die Zust\u00e4ndigkeit des\u00a0Ombudsmanns Private Kranken- und Pflegeversicherung<br \/>\nKontakt: Postfach 06 02 22, 10052 Berlin<br \/>\nTel.: 0800 2550444 (kostenfrei aus deutschen Telefonnetzen)<br \/>\nFax.: 030 \/ 204 58 931<br \/>\nWeb: www.pkv-ombudsmann.de<br \/>\nMail: ombudsmann@pkv-ombudsmann.de<br \/>\nBitte achten Sie darauf, dass das Schlichtungsverfahren\u00a0voraussichtlich ausgesetzt wird, wenn Sie Ihren Anspruch nicht\u00a0vorher direkt bei uns geltend gemacht haben oder wenn seit der\u00a0Geltendmachung nicht mehr als zwei Monate vergangen sind\u00a0und wir den Anspruch innerhalb der zwei Monate weder\u00a0anerkannt noch abgelehnt haben.\u00a0Betrifft Ihre Beschwerde eine Darlehensvermittlung, die\u00a0Vermittlung einer Immobilie, die Vermittlung eines\u00a0Bausparvertrages oder die Vermittlung einer Finanzanlage im\u00a0Sinne des \u00a7 34 f Abs. 1 Nr. 1 oder Nr. 2 GewO\u00a0(Investmentfonds oder einen Alternativen Investmentfonds),\u00a0nimmt unser Unternehmen nicht an einem externen Schlichtungsverfahren teil. Sie haben jedoch immer die\u00a0M\u00f6glichkeit, sich wegen einer Beschwerde auch zu solchen\u00a0Vertr\u00e4gen oder Produkten an unser Unternehmen zu wenden.<\/p>\n<\/div><\/section><\/div><\/div><\/div><\/main><!-- close content main element --><\/div><\/div><div id='after_section_1'  class='main_color av_default_container_wrap container_wrap sidebar_right'  ><div class='container av-section-cont-open' ><div class='template-page content  av-content-small alpha units'><div class='post-entry post-entry-type-page post-entry-560'><div class='entry-content-wrapper clearfix'>\n","protected":false},"excerpt":{"rendered":"","protected":false},"author":4,"featured_media":0,"parent":0,"menu_order":0,"comment_status":"closed","ping_status":"closed","template":"","meta":{"footnotes":""},"class_list":["post-560","page","type-page","status-publish","hentry"],"_links":{"self":[{"href":"https:\/\/das-wird-dein-ding.de\/sebastian\/wp-json\/wp\/v2\/pages\/560","targetHints":{"allow":["GET"]}}],"collection":[{"href":"https:\/\/das-wird-dein-ding.de\/sebastian\/wp-json\/wp\/v2\/pages"}],"about":[{"href":"https:\/\/das-wird-dein-ding.de\/sebastian\/wp-json\/wp\/v2\/types\/page"}],"author":[{"embeddable":true,"href":"https:\/\/das-wird-dein-ding.de\/sebastian\/wp-json\/wp\/v2\/users\/4"}],"replies":[{"embeddable":true,"href":"https:\/\/das-wird-dein-ding.de\/sebastian\/wp-json\/wp\/v2\/comments?post=560"}],"version-history":[{"count":0,"href":"https:\/\/das-wird-dein-ding.de\/sebastian\/wp-json\/wp\/v2\/pages\/560\/revisions"}],"wp:attachment":[{"href":"https:\/\/das-wird-dein-ding.de\/sebastian\/wp-json\/wp\/v2\/media?parent=560"}],"curies":[{"name":"wp","href":"https:\/\/api.w.org\/{rel}","templated":true}]}}